{"id":3287,"date":"2016-05-19T14:26:29","date_gmt":"2016-05-19T17:26:29","guid":{"rendered":"http:\/\/www.danielbotelhoplastica.com.br\/?page_id=3287"},"modified":"2019-03-28T11:25:51","modified_gmt":"2019-03-28T14:25:51","slug":"contatos","status":"publish","type":"page","link":"https:\/\/andreaheisler.com.br\/site\/contatos\/","title":{"rendered":"Contatos"},"content":{"rendered":"","protected":false},"excerpt":{"rendered":"","protected":false},"author":5,"featured_media":0,"parent":0,"menu_order":0,"comment_status":"closed","ping_status":"closed","template":"","meta":[],"yoast_head":"<!-- This site is optimized with the Yoast SEO plugin v14.6.1 - https:\/\/yoast.com\/wordpress\/plugins\/seo\/ -->\n<title>Contato Dra. Andrea Heisler Cirurgi\u00e3o Pl\u00e1stico em Macei\u00f3 - Alagoas<\/title>\n<meta name=\"description\" content=\"Endere\u00e7o de consult\u00f3rio e telefone para contato com o Cirurgi\u00e3 Pl\u00e1stica Especialista Dr. Fernando Gaia, em Jati\u00faca - Alagoas.Clique para mais informa\u00e7\u00f5es:\" \/>\n<meta name=\"robots\" content=\"index, follow\" \/>\n<meta name=\"googlebot\" content=\"index, follow, max-snippet:-1, max-image-preview:large, max-video-preview:-1\" \/>\n<meta name=\"bingbot\" content=\"index, follow, max-snippet:-1, max-image-preview:large, max-video-preview:-1\" \/>\n<link rel=\"canonical\" href=\"https:\/\/andreaheisler.com.br\/site\/contatos\/\" \/>\n<meta property=\"og:locale\" content=\"pt_BR\" \/>\n<meta property=\"og:type\" content=\"article\" \/>\n<meta property=\"og:title\" content=\"Contato Dra. Andrea Heisler Cirurgi\u00e3o Pl\u00e1stico em Macei\u00f3 - Alagoas\" \/>\n<meta property=\"og:description\" content=\"Endere\u00e7o de consult\u00f3rio e telefone para contato com o Cirurgi\u00e3 Pl\u00e1stica Especialista Dr. Fernando Gaia, em Jati\u00faca - Alagoas.Clique para mais informa\u00e7\u00f5es:\" \/>\n<meta property=\"og:url\" content=\"https:\/\/andreaheisler.com.br\/site\/contatos\/\" \/>\n<meta property=\"og:site_name\" content=\"Dra. Andrea Heisler - Cirurgi\u00e3 Pl\u00e1stica Especialista em Porto Alegre\/RS\" \/>\n<meta property=\"article:publisher\" content=\"https:\/\/www.facebook.com\/Dra-Andrea-Heisler-1491054370999421\" \/>\n<meta property=\"article:modified_time\" content=\"2019-03-28T14:25:51+00:00\" \/>\n<meta name=\"twitter:card\" content=\"summary\" \/>\n<script type=\"application\/ld+json\" class=\"yoast-schema-graph\">{\"@context\":\"https:\/\/schema.org\",\"@graph\":[{\"@type\":\"Organization\",\"@id\":\"https:\/\/andreaheisler.com.br\/site\/#organization\",\"name\":\"Andrea Heisler\",\"url\":\"https:\/\/andreaheisler.com.br\/site\/\",\"sameAs\":[\"https:\/\/www.facebook.com\/Dra-Andrea-Heisler-1491054370999421\",\"https:\/\/www.instagram.com\/andreaheisler\"],\"logo\":{\"@type\":\"ImageObject\",\"@id\":\"https:\/\/andreaheisler.com.br\/site\/#logo\",\"inLanguage\":\"pt-BR\",\"url\":\"https:\/\/andreaheisler.com.br\/site\/wp-content\/uploads\/2018\/06\/PRELOADER-.png\",\"width\":300,\"height\":162,\"caption\":\"Andrea Heisler\"},\"image\":{\"@id\":\"https:\/\/andreaheisler.com.br\/site\/#logo\"}},{\"@type\":\"WebSite\",\"@id\":\"https:\/\/andreaheisler.com.br\/site\/#website\",\"url\":\"https:\/\/andreaheisler.com.br\/site\/\",\"name\":\"Dra. Andrea Heisler - Cirurgi\\u00e3 Pl\\u00e1stica Especialista em Porto Alegre - RS\",\"description\":\"Site da Cirurgi\\u00e3 Pl\\u00e1stica Especialista, Dra. Andrea Heisler, Atuante em Porto Alegre\/RS\",\"publisher\":{\"@id\":\"https:\/\/andreaheisler.com.br\/site\/#organization\"},\"potentialAction\":[{\"@type\":\"SearchAction\",\"target\":\"https:\/\/andreaheisler.com.br\/site\/?s={search_term_string}\",\"query-input\":\"required name=search_term_string\"}],\"inLanguage\":\"pt-BR\"},{\"@type\":\"WebPage\",\"@id\":\"https:\/\/andreaheisler.com.br\/site\/contatos\/#webpage\",\"url\":\"https:\/\/andreaheisler.com.br\/site\/contatos\/\",\"name\":\"Contato Dra. Andrea Heisler Cirurgi\\u00e3o Pl\\u00e1stico em Macei\\u00f3 - Alagoas\",\"isPartOf\":{\"@id\":\"https:\/\/andreaheisler.com.br\/site\/#website\"},\"datePublished\":\"2016-05-19T17:26:29+00:00\",\"dateModified\":\"2019-03-28T14:25:51+00:00\",\"description\":\"Endere\\u00e7o de consult\\u00f3rio e telefone para contato com o Cirurgi\\u00e3 Pl\\u00e1stica Especialista Dr. Fernando Gaia, em Jati\\u00faca - Alagoas.Clique para mais informa\\u00e7\\u00f5es:\",\"inLanguage\":\"pt-BR\",\"potentialAction\":[{\"@type\":\"ReadAction\",\"target\":[\"https:\/\/andreaheisler.com.br\/site\/contatos\/\"]}]}]}<\/script>\n<!-- \/ Yoast SEO plugin. -->","_links":{"self":[{"href":"https:\/\/andreaheisler.com.br\/site\/wp-json\/wp\/v2\/pages\/3287"}],"collection":[{"href":"https:\/\/andreaheisler.com.br\/site\/wp-json\/wp\/v2\/pages"}],"about":[{"href":"https:\/\/andreaheisler.com.br\/site\/wp-json\/wp\/v2\/types\/page"}],"author":[{"embeddable":true,"href":"https:\/\/andreaheisler.com.br\/site\/wp-json\/wp\/v2\/users\/5"}],"replies":[{"embeddable":true,"href":"https:\/\/andreaheisler.com.br\/site\/wp-json\/wp\/v2\/comments?post=3287"}],"version-history":[{"count":55,"href":"https:\/\/andreaheisler.com.br\/site\/wp-json\/wp\/v2\/pages\/3287\/revisions"}],"predecessor-version":[{"id":8616,"href":"https:\/\/andreaheisler.com.br\/site\/wp-json\/wp\/v2\/pages\/3287\/revisions\/8616"}],"wp:attachment":[{"href":"https:\/\/andreaheisler.com.br\/site\/wp-json\/wp\/v2\/media?parent=3287"}],"curies":[{"name":"wp","href":"https:\/\/api.w.org\/{rel}","templated":true}]}}