{"id":6327,"date":"2016-08-18T21:26:01","date_gmt":"2016-08-19T00:26:01","guid":{"rendered":"https:\/\/andreaheisler.com.br\/site\/?page_id=6327"},"modified":"2018-11-07T15:05:38","modified_gmt":"2018-11-07T17:05:38","slug":"perguntas-e-respostas","status":"publish","type":"page","link":"https:\/\/andreaheisler.com.br\/site\/perguntas-e-respostas\/","title":{"rendered":"Perguntas e respostas"},"content":{"rendered":"<\/div><\/div><\/div><!-- close content main div --><\/div><\/div><div id='av_section_1' class='avia-section main_color avia-section-default avia-no-shadow avia-bg-style-scroll   container_wrap sidebar_right' style = 'background-repeat: no-repeat; background-image: url(https:\/\/andreaheisler.com.br\/site\/wp-content\/uploads\/2016\/05\/conner-right-top-BROWN.png); background-attachment: scroll; background-position: top left; ' data-section-bg-repeat='no-repeat' ><div class='container' ><div class='template-page content  av-content-small alpha units'><div class='post-entry post-entry-type-page post-entry-6327'><div class='entry-content-wrapper clearfix'>\n<div class=\"flex_column av_three_fifth  flex_column_div av-zero-column-padding first  \" style='border-radius:0px; '><p><div style='padding-bottom:40px;font-size:45px;' class='av-special-heading av-special-heading-h1  blockquote modern-quote   av-inherit-size '><h1 class='av-special-heading-tag '  itemprop=\"headline\"  >PERGUNTAS <span class='special_amp'>&amp;<\/span> RESPOSTAS<\/h1><div class ='av-subheading av-subheading_below  ' style='font-size:30px;'><p>As principais d\u00favidas esclarecidas<\/p>\n<\/div><div class='special-heading-border'><div class='special-heading-inner-border' ><\/div><\/div><\/div><br \/>\n<section class=\"av_textblock_section \"  itemscope=\"itemscope\" itemtype=\"https:\/\/schema.org\/CreativeWork\" ><div class='avia_textblock  '   itemprop=\"text\" ><p>Nesta p\u00e1gina\u00a0est\u00e3o listadas orienta\u00e7\u00f5es pr\u00e9 e p\u00f3s-operat\u00f3rias para\u00a0algumas das\u00a0cirurgias realizadas pela Dra. Andrea Heisler. O conte\u00fado das orienta\u00e7\u00f5es foi baseado nos termos de consentimento informado criado pela Sociedade Brasileira de Cirurgia Pl\u00e1stica. Clique na cirurgia desejada para acessar.<\/p>\n<p>Orienta\u00e7\u00f5es sobre\u00a0outras cirurgias realizadas poder\u00e3o ser informadas pela Dra.\u00a0Andrea em consulta.<\/p>\n<\/div><\/section><\/p><\/div><div class=\"flex_column av_two_fifth  flex_column_div av-zero-column-padding   \" style='border-radius:0px; '><section class=\"av_textblock_section \"  itemscope=\"itemscope\" itemtype=\"https:\/\/schema.org\/CreativeWork\" ><div class='avia_textblock  '   itemprop=\"text\" ><ul>\n<li><a href=\"https:\/\/andreaheisler.com.br\/site\/perguntas-e-respostas\/blefaroplastia\/\" target=\"_blank\" rel=\"noopener noreferrer\">Blefaroplastia (cirurgia das p\u00e1lpebras)<\/a><\/li>\n<li class=\"page_item page-item-6324\"><a href=\"https:\/\/andreaheisler.com.br\/site\/perguntas-e-respostas\/dermolipectomia-dos-membros-inferiores\/\" target=\"_blank\" rel=\"noopener noreferrer\">Dermolipectomia dos Membros Inferiores<\/a><\/li>\n<li class=\"page_item page-item-6333\"><a href=\"https:\/\/andreaheisler.com.br\/site\/perguntas-e-respostas\/dermolipectomia-dos-membros-superiores\/\" target=\"_blank\" rel=\"noopener noreferrer\">Dermolipectomia dos Membros Superiores<\/a><\/li>\n<li class=\"page_item page-item-6383\"><a href=\"https:\/\/andreaheisler.com.br\/site\/perguntas-e-respostas\/lipoabdominoplastia\/\" target=\"_blank\" rel=\"noopener noreferrer\">Lipoabdominoplastia<\/a><\/li>\n<li class=\"page_item page-item-6340\"><a href=\"https:\/\/andreaheisler.com.br\/site\/perguntas-e-respostas\/lipoaspiracao\/\" target=\"_blank\" rel=\"noopener noreferrer\">Lipoaspira\u00e7\u00e3o<\/a><\/li>\n<li class=\"page_item page-item-6341\"><a href=\"https:\/\/andreaheisler.com.br\/site\/perguntas-e-respostas\/mamoplastia-de-aumento\/\" target=\"_blank\" rel=\"noopener noreferrer\">Mamoplastia de Aumento<\/a><\/li>\n<li class=\"page_item page-item-6342\"><a href=\"https:\/\/andreaheisler.com.br\/site\/perguntas-e-respostas\/mamoplastia-redutora\/\" target=\"_blank\" rel=\"noopener noreferrer\">Mamoplastia Redutora<\/a><\/li>\n<li class=\"page_item page-item-6343\"><a href=\"https:\/\/andreaheisler.com.br\/site\/perguntas-e-respostas\/mastopexia\/\" target=\"_blank\" rel=\"noopener noreferrer\">Mastopexia<\/a><\/li>\n<li class=\"page_item page-item-6344\"><a href=\"https:\/\/andreaheisler.com.br\/site\/perguntas-e-respostas\/otoplastia\/\" target=\"_blank\" rel=\"noopener noreferrer\">Otoplastia (Orelha em Abano)<\/a><\/li>\n<li class=\"page_item page-item-6345\"><a href=\"https:\/\/andreaheisler.com.br\/site\/perguntas-e-respostas\/rejuvenescimento-facial-ritidoplastia\/\" target=\"_blank\" rel=\"noopener noreferrer\">Rejuvenescimento Facial (Ritidoplastia)<\/a><\/li>\n<li class=\"page_item page-item-6346\"><a href=\"https:\/\/andreaheisler.com.br\/site\/perguntas-e-respostas\/rinoplastia\/\" target=\"_blank\" rel=\"noopener noreferrer\">Rinoplastia (cirurgia do nariz)<\/a><\/li>\n<\/ul>\n<\/div><\/section><\/div><\/div><\/div><\/div><!-- close content main div --><\/div><\/div><div id='after_section_1' class='main_color av_default_container_wrap container_wrap sidebar_right'   ><div class='container' ><div class='template-page content  av-content-small alpha units'><div class='post-entry post-entry-type-page post-entry-6327'><div class='entry-content-wrapper clearfix'><\/div><\/div><\/div><!-- close content main div --><\/div><\/div><div id='av_section_2' class='avia-section main_color avia-section-default avia-no-border-styling avia-full-stretch av-parallax-section av-section-color-overlay-active avia-bg-style-parallax   av-minimum-height av-minimum-height-25 container_wrap sidebar_right'  data-section-bg-repeat='stretch' ><div class='av-parallax' data-avia-parallax-ratio='0.3' ><div class='av-parallax-inner main_color  avia-full-stretch' style = 'background-repeat: no-repeat; background-image: url(https:\/\/andreaheisler.com.br\/site\/wp-content\/uploads\/2016\/08\/footer5.jpeg); background-attachment: scroll; background-position: center center; ' ><\/div><\/div><div class='av-section-color-overlay-wrap'><div class='av-section-color-overlay' style='opacity: 0.5; background-color: #b99680; background-image: url(https:\/\/andreaheisler.com.br\/site\/wp-content\/themes\/enfold\/images\/background-images\/dots-mini-strong.png); background-repeat: repeat;'><\/div><div class='container' ><div class='template-page content  av-content-small alpha units'><div class='post-entry post-entry-type-page post-entry-6327'><div class='entry-content-wrapper clearfix'>\n<div style='height:120px' class='hr hr-invisible  '><span class='hr-inner ' ><span class='hr-inner-style'><\/span><\/span><\/div>\n<\/div><\/div><\/div><!-- close content main div --><\/div><\/div><\/div><div id='after_section_2' class='main_color av_default_container_wrap container_wrap sidebar_right'   ><div class='container' ><div class='template-page content  av-content-small alpha units'><div class='post-entry post-entry-type-page post-entry-6327'><div class='entry-content-wrapper clearfix'><\/p>\n","protected":false},"excerpt":{"rendered":"","protected":false},"author":5,"featured_media":0,"parent":0,"menu_order":0,"comment_status":"closed","ping_status":"closed","template":"","meta":[],"yoast_head":"<!-- This site is optimized with the Yoast SEO plugin v14.6.1 - https:\/\/yoast.com\/wordpress\/plugins\/seo\/ -->\n<title>Orienta\u00e7\u00f5es sobre Cirurgias Pl\u00e1sticas Realizadas pela Dra. Andrea Heisler - Cirurgi\u00e3 Pl\u00e1stica Especialista em Porto Alegre\/RS<\/title>\n<meta name=\"description\" content=\"Siga as orienta\u00e7\u00f5es da Sociedade Brasileira de Cirurgia Pl\u00e1stica para os principais Cirurgias est\u00e9ticas e reparadoras - Dra. Andrea Heisler - Cirurgi\u00e3 Pl\u00e1stica Especialista em Porto Alegre\/RS\" \/>\n<meta name=\"robots\" content=\"index, follow\" \/>\n<meta name=\"googlebot\" content=\"index, follow, max-snippet:-1, max-image-preview:large, max-video-preview:-1\" \/>\n<meta name=\"bingbot\" content=\"index, follow, max-snippet:-1, max-image-preview:large, max-video-preview:-1\" \/>\n<link rel=\"canonical\" href=\"https:\/\/andreaheisler.com.br\/site\/perguntas-e-respostas\/\" \/>\n<meta property=\"og:locale\" content=\"pt_BR\" \/>\n<meta property=\"og:type\" content=\"article\" \/>\n<meta property=\"og:title\" content=\"Orienta\u00e7\u00f5es sobre Cirurgias Pl\u00e1sticas Realizadas pela Dra. Andrea Heisler - Cirurgi\u00e3 Pl\u00e1stica Especialista em Porto Alegre\/RS\" \/>\n<meta property=\"og:description\" content=\"Siga as orienta\u00e7\u00f5es da Sociedade Brasileira de Cirurgia Pl\u00e1stica para os principais Cirurgias est\u00e9ticas e reparadoras - Dra. Andrea Heisler - Cirurgi\u00e3 Pl\u00e1stica Especialista em Porto Alegre\/RS\" \/>\n<meta property=\"og:url\" content=\"https:\/\/andreaheisler.com.br\/site\/perguntas-e-respostas\/\" \/>\n<meta property=\"og:site_name\" content=\"Dra. Andrea Heisler - Cirurgi\u00e3 Pl\u00e1stica Especialista em Porto Alegre\/RS\" \/>\n<meta property=\"article:publisher\" content=\"https:\/\/www.facebook.com\/Dra-Andrea-Heisler-1491054370999421\" \/>\n<meta property=\"article:modified_time\" content=\"2018-11-07T17:05:38+00:00\" \/>\n<meta name=\"twitter:card\" content=\"summary\" \/>\n<script type=\"application\/ld+json\" class=\"yoast-schema-graph\">{\"@context\":\"https:\/\/schema.org\",\"@graph\":[{\"@type\":\"Organization\",\"@id\":\"https:\/\/andreaheisler.com.br\/site\/#organization\",\"name\":\"Andrea Heisler\",\"url\":\"https:\/\/andreaheisler.com.br\/site\/\",\"sameAs\":[\"https:\/\/www.facebook.com\/Dra-Andrea-Heisler-1491054370999421\",\"https:\/\/www.instagram.com\/andreaheisler\"],\"logo\":{\"@type\":\"ImageObject\",\"@id\":\"https:\/\/andreaheisler.com.br\/site\/#logo\",\"inLanguage\":\"pt-BR\",\"url\":\"https:\/\/andreaheisler.com.br\/site\/wp-content\/uploads\/2018\/06\/PRELOADER-.png\",\"width\":300,\"height\":162,\"caption\":\"Andrea Heisler\"},\"image\":{\"@id\":\"https:\/\/andreaheisler.com.br\/site\/#logo\"}},{\"@type\":\"WebSite\",\"@id\":\"https:\/\/andreaheisler.com.br\/site\/#website\",\"url\":\"https:\/\/andreaheisler.com.br\/site\/\",\"name\":\"Dra. Andrea Heisler - Cirurgi\\u00e3 Pl\\u00e1stica Especialista em Porto Alegre - RS\",\"description\":\"Site da Cirurgi\\u00e3 Pl\\u00e1stica Especialista, Dra. Andrea Heisler, Atuante em Porto Alegre\/RS\",\"publisher\":{\"@id\":\"https:\/\/andreaheisler.com.br\/site\/#organization\"},\"potentialAction\":[{\"@type\":\"SearchAction\",\"target\":\"https:\/\/andreaheisler.com.br\/site\/?s={search_term_string}\",\"query-input\":\"required name=search_term_string\"}],\"inLanguage\":\"pt-BR\"},{\"@type\":\"WebPage\",\"@id\":\"https:\/\/andreaheisler.com.br\/site\/perguntas-e-respostas\/#webpage\",\"url\":\"https:\/\/andreaheisler.com.br\/site\/perguntas-e-respostas\/\",\"name\":\"Orienta\\u00e7\\u00f5es sobre Cirurgias Pl\\u00e1sticas Realizadas pela Dra. Andrea Heisler - Cirurgi\\u00e3 Pl\\u00e1stica Especialista em Porto Alegre\/RS\",\"isPartOf\":{\"@id\":\"https:\/\/andreaheisler.com.br\/site\/#website\"},\"datePublished\":\"2016-08-19T00:26:01+00:00\",\"dateModified\":\"2018-11-07T17:05:38+00:00\",\"description\":\"Siga as orienta\\u00e7\\u00f5es da Sociedade Brasileira de Cirurgia Pl\\u00e1stica para os principais Cirurgias est\\u00e9ticas e reparadoras - Dra. Andrea Heisler - Cirurgi\\u00e3 Pl\\u00e1stica Especialista em Porto Alegre\/RS\",\"inLanguage\":\"pt-BR\",\"potentialAction\":[{\"@type\":\"ReadAction\",\"target\":[\"https:\/\/andreaheisler.com.br\/site\/perguntas-e-respostas\/\"]}]}]}<\/script>\n<!-- \/ Yoast SEO plugin. -->","_links":{"self":[{"href":"https:\/\/andreaheisler.com.br\/site\/wp-json\/wp\/v2\/pages\/6327"}],"collection":[{"href":"https:\/\/andreaheisler.com.br\/site\/wp-json\/wp\/v2\/pages"}],"about":[{"href":"https:\/\/andreaheisler.com.br\/site\/wp-json\/wp\/v2\/types\/page"}],"author":[{"embeddable":true,"href":"https:\/\/andreaheisler.com.br\/site\/wp-json\/wp\/v2\/users\/5"}],"replies":[{"embeddable":true,"href":"https:\/\/andreaheisler.com.br\/site\/wp-json\/wp\/v2\/comments?post=6327"}],"version-history":[{"count":52,"href":"https:\/\/andreaheisler.com.br\/site\/wp-json\/wp\/v2\/pages\/6327\/revisions"}],"predecessor-version":[{"id":8590,"href":"https:\/\/andreaheisler.com.br\/site\/wp-json\/wp\/v2\/pages\/6327\/revisions\/8590"}],"wp:attachment":[{"href":"https:\/\/andreaheisler.com.br\/site\/wp-json\/wp\/v2\/media?parent=6327"}],"curies":[{"name":"wp","href":"https:\/\/api.w.org\/{rel}","templated":true}]}}