{"id":7317,"date":"2018-03-22T16:57:52","date_gmt":"2018-03-22T19:57:52","guid":{"rendered":"https:\/\/andreaheisler.com.br\/site\/?page_id=7317"},"modified":"2018-09-26T12:59:40","modified_gmt":"2018-09-26T15:59:40","slug":"dra-andrea-heisler","status":"publish","type":"page","link":"https:\/\/andreaheisler.com.br\/site\/dra-andrea-heisler\/","title":{"rendered":"Dra. Andrea Heisler"},"content":{"rendered":"<\/div><\/div><\/div><!-- close content main div --><\/div><\/div><div id='av_section_1' class='avia-section main_color avia-section-default avia-no-shadow avia-bg-style-scroll   container_wrap sidebar_right' style = 'background-repeat: no-repeat; background-image: url(https:\/\/andreaheisler.com.br\/site\/wp-content\/uploads\/2016\/05\/conner-right-top-BROWN.png); background-attachment: scroll; background-position: top left; ' data-section-bg-repeat='no-repeat' ><div class='container' ><div class='template-page content  av-content-small alpha units'><div class='post-entry post-entry-type-page post-entry-7317'><div class='entry-content-wrapper clearfix'>\n<div class=\"flex_column av_three_fifth  flex_column_div av-zero-column-padding first  \" style='border-radius:0px; '><p><div style='padding-bottom:40px;font-size:45px;' class='av-special-heading av-special-heading-h1  blockquote modern-quote  av-inherit-size '><h1 class='av-special-heading-tag '  itemprop=\"headline\"  >Dra. Andrea Heisler<\/h1><div class ='av-subheading av-subheading_below  ' style='font-size:25px;'><p>Cirurgia Pl\u00e1stica Est\u00e9tica e Reparadora<\/p>\n<\/div><div class='special-heading-border'><div class='special-heading-inner-border' ><\/div><\/div><\/div><br \/>\n<section class=\"av_textblock_section \"  itemscope=\"itemscope\" itemtype=\"https:\/\/schema.org\/CreativeWork\" ><div class='avia_textblock  '   itemprop=\"text\" ><p class=\"a-b-r-La\">CRM-RS:36484<br \/>\nRQE:\u00a031977 &#8211; Cirurgia Pl\u00e1stica<br \/>\nRQE: 28243 &#8211; Cirurgia Geral<\/p>\n<p class=\"a-b-r-La\">Membro Especialista pela Sociedade Brasileira de Cirurgia Pl\u00e1stica.<\/p>\n<p class=\"a-b-r-La\">M\u00e9dica pela Faculdade de Medicina da Universidade Federal do Rio Grande do Sul.<\/p>\n<p class=\"a-b-r-La\"><strong>BACHARELADO<\/strong><\/p>\n<p class=\"a-b-r-La\">Gradua\u00e7\u00e3o em Medicina Universidade Federal do Rio Grande do Sul, UFRGS, Brasil.<\/p>\n<p>Resid\u00eancia m\u00e9dica em Cirurgia Geral e Cirurgia Pl\u00e1stica no Hospital Ernesto Dorneles, HED, Brasil.<\/p>\n<p><strong>FORMA\u00c7\u00d5ES COMPLEMENTARES<\/strong><\/p>\n<p>Presidente de Mesa Up To Date Cosmiatria &#8211;\u00a0Sociedade Brasileira de Cirurgia Pl\u00e1stica RS, SBCP, Brasil, 2018.<\/p>\n<p>Cetrofacial Rejuvenation &#8211; Sociedade Brasileira de Cirurgia Pl\u00e1stica, SBCP, Brasil, 2016.<\/p>\n<p>Tratamentos Minimamente Invasivos &#8211; Sociedade Brasileira de Cirurgia Pl\u00e1stica, SBCP, Brasil, 2016.<\/p>\n<p>Fronteiras da Cirurgia da Face &#8211; Sociedade Brasileira de Cirurgia Pl\u00e1stica Regional RS, SBCP, Brasil, 2016.<\/p>\n<p>Implante Mam\u00e1rio de Silicone &#8211;\u00a0Sociedade Brasileira de Cirurgia Pl\u00e1stica Regional RS, SBCP, Brasil, 2016.<\/p>\n<p>Laser e Tratamento Cut\u00e2neo &#8211;\u00a0Sociedade Brasileira de Cirurgia Pl\u00e1stica, SBCP, Brasil, 2015.<\/p>\n<p><strong>\u00daLTIMOS EVENTOS<\/strong><\/p>\n<div class=\"layout-cell layout-cell-1 text-align-right\">\n<ul>\n<li class=\"layout-cell-pad-5 text-align-right\">Up To Date Cirurgia Pl\u00e1stica P\u00f3s Bari\u00e1trica &#8211; SBCP\/RS, 2018.<\/li>\n<li class=\"layout-cell-pad-5 text-align-right\">54\u00ba Congresso Brasileiro de Cirurgia Pl\u00e1stica, 2017.<\/li>\n<li class=\"layout-cell-pad-5 text-align-right\">Congresso Jornada Paulista de Cosmeatria, 2017.<\/li>\n<li class=\"layout-cell-pad-5 text-align-right\">Congresso 36\u00ba Jornada Paulista de Cirurgia Pl\u00e1stica, 2016.<\/li>\n<li class=\"layout-cell-pad-5 text-align-right\">3\u00ba Simp\u00f3sio de Cirurgia Pl\u00e1stica &#8211; SBCP\/RS, 2016.<\/li>\n<li class=\"layout-cell-pad-5 text-align-right\">53\u00ba Congresso Brasileiro de Cirurgia Pl\u00e1stica, 2016.<\/li>\n<li class=\"layout-cell-pad-5 text-align-right\">52\u00ba Congresso Brasileiro de Cirurgia Pl\u00e1stica, 2015.<\/li>\n<\/ul>\n<\/div>\n<div class=\"layout-cell-pad-5\"><\/div>\n<div class=\"layout-cell-pad-5\"><\/div>\n<div class=\"layout-cell-pad-5\"><\/div>\n<div class=\"layout-cell-pad-5\"><\/div>\n<div class=\"layout-cell-pad-5\"><a href=\"http:\/\/buscatextual.cnpq.br\/buscatextual\/visualizacv.do?id=K4202738A0\">Acessar Curr\u00edculo Lattes Completo Dra. Andrea Heisler.<\/a><\/div>\n<p><img loading=\"lazy\" class=\"aligncenter wp-image-7175 size-medium\" title=\"Perficere Cirurgia Pl\u00e1stica e Dermatologia\" src=\"https:\/\/andreaheisler.com.br\/site\/wp-content\/uploads\/2016\/05\/Captura-de-Tela-2017-11-26-\u00e0s-23.42.53-300x274.png\" alt=\"\" width=\"300\" height=\"274\" \/><\/p>\n<\/div><\/section><br \/>\n<div class='avia-image-container  av-styling-    avia-align-center '  itemprop=\"ImageObject\" itemscope=\"itemscope\" itemtype=\"https:\/\/schema.org\/ImageObject\"  ><div class='avia-image-container-inner'><img class='avia_image ' src='https:\/\/andreaheisler.com.br\/site\/wp-content\/uploads\/2016\/05\/Capturar.jpg' alt='' title=''   itemprop=\"thumbnailUrl\"  \/><\/div><\/div><\/p><\/div><div class=\"flex_column av_two_fifth  flex_column_div av-zero-column-padding   \" style='border-radius:0px; '><p><div class='avia-image-container  av-styling-    avia-align-center '  itemprop=\"ImageObject\" itemscope=\"itemscope\" itemtype=\"https:\/\/schema.org\/ImageObject\"  ><div class='avia-image-container-inner'><img class='avia_image ' src='https:\/\/andreaheisler.com.br\/site\/wp-content\/uploads\/2018\/03\/perfil-profissionalandrea.jpg' alt='' title='perfil-profissionalandrea'   itemprop=\"thumbnailUrl\"  \/><\/div><\/div><br \/>\n<div  data-autoplay='true'  data-interval='4'  data-animation='slide'  class='avia-logo-element-container av-border-deactivate avia-logo-slider avia-content-slider avia-smallarrow-slider avia-content-slider-active noHover avia-content-slider1 avia-content-slider-odd  ' ><div class='avia-smallarrow-slider-heading  no-logo-slider-navigation  no-logo-slider-heading '><\/div><div class='avia-content-slider-inner'><div class='slide-entry-wrap'  itemprop=\"ImageObject\" itemscope=\"itemscope\" itemtype=\"https:\/\/schema.org\/ImageObject\" ><div  class='slide-entry flex_column no_margin post-entry slide-entry-overview slide-loop-1 slide-parity-odd  post-entry-last  av_fullwidth first real-thumbnail'><img  itemprop=\"thumbnailUrl\"  width=\"356\" height=\"112\" src=\"https:\/\/andreaheisler.com.br\/site\/wp-content\/uploads\/2018\/03\/LINKS-HOR.png\" class=\"attachment-no scaling size-no scaling\" alt=\"\" loading=\"lazy\" srcset=\"https:\/\/andreaheisler.com.br\/site\/wp-content\/uploads\/2018\/03\/LINKS-HOR.png 356w, https:\/\/andreaheisler.com.br\/site\/wp-content\/uploads\/2018\/03\/LINKS-HOR-300x94.png 300w\" sizes=\"(max-width: 356px) 100vw, 356px\" \/><\/div><\/div><\/div><\/div><\/p><\/div><\/div><\/div><\/div><!-- close content main div --><\/div><\/div><div id='after_section_1' class='main_color av_default_container_wrap container_wrap sidebar_right'   ><div class='container' ><div class='template-page content  av-content-small alpha units'><div class='post-entry post-entry-type-page post-entry-7317'><div class='entry-content-wrapper clearfix'><\/div><\/div><\/div><!-- close content main div --><\/div><\/div><div id='av_section_2' class='avia-section main_color avia-section-default avia-no-border-styling avia-full-stretch av-parallax-section av-section-color-overlay-active avia-bg-style-parallax   av-minimum-height av-minimum-height-25 container_wrap sidebar_right'  data-section-bg-repeat='stretch' ><div class='av-parallax' data-avia-parallax-ratio='0.3' ><div class='av-parallax-inner main_color  avia-full-stretch' style = 'background-repeat: no-repeat; background-image: url(https:\/\/andreaheisler.com.br\/site\/wp-content\/uploads\/2018\/03\/FOOTER2.jpg); background-attachment: scroll; background-position: center center; ' ><\/div><\/div><div class='av-section-color-overlay-wrap'><div class='av-section-color-overlay' style='opacity: 0.4; background-color: #b99680; background-image: url(https:\/\/andreaheisler.com.br\/site\/wp-content\/themes\/enfold\/images\/background-images\/dots-mini-strong.png); background-repeat: repeat;'><\/div><div class='container' ><div class='template-page content  av-content-small alpha units'><div class='post-entry post-entry-type-page post-entry-7317'><div class='entry-content-wrapper clearfix'>\n<div style='height:120px' class='hr hr-invisible  '><span class='hr-inner ' ><span class='hr-inner-style'><\/span><\/span><\/div>\n<\/div><\/div><\/div><!-- close content main div --><\/div><\/div><\/div><div id='after_section_2' class='main_color av_default_container_wrap container_wrap sidebar_right'   ><div class='container' ><div class='template-page content  av-content-small alpha units'><div class='post-entry post-entry-type-page post-entry-7317'><div class='entry-content-wrapper clearfix'><\/p>\n","protected":false},"excerpt":{"rendered":"","protected":false},"author":4,"featured_media":0,"parent":0,"menu_order":0,"comment_status":"closed","ping_status":"closed","template":"","meta":[],"yoast_head":"<!-- This site is optimized with the Yoast SEO plugin v14.6.1 - https:\/\/yoast.com\/wordpress\/plugins\/seo\/ -->\n<title>Dra. Andrea Heisler - Cirurgi\u00e3 Pl\u00e1stica Especialista em Porto Alegre\/RS<\/title>\n<meta name=\"description\" content=\"Formado em Medicina pela Universidade Federal de Alagoas. Membro da Sociedade Brasileira de Cirurgia Pl\u00e1stica.\" \/>\n<meta name=\"robots\" content=\"index, follow\" \/>\n<meta name=\"googlebot\" content=\"index, follow, max-snippet:-1, max-image-preview:large, max-video-preview:-1\" \/>\n<meta name=\"bingbot\" content=\"index, follow, max-snippet:-1, max-image-preview:large, max-video-preview:-1\" \/>\n<link rel=\"canonical\" href=\"https:\/\/andreaheisler.com.br\/site\/dra-andrea-heisler\/\" \/>\n<meta property=\"og:locale\" content=\"pt_BR\" \/>\n<meta property=\"og:type\" content=\"article\" \/>\n<meta property=\"og:title\" content=\"Dra. Andrea Heisler - Cirurgi\u00e3 Pl\u00e1stica Especialista em Porto Alegre\/RS\" \/>\n<meta property=\"og:description\" content=\"Formado em Medicina pela Universidade Federal de Alagoas. Membro da Sociedade Brasileira de Cirurgia Pl\u00e1stica.\" \/>\n<meta property=\"og:url\" content=\"https:\/\/andreaheisler.com.br\/site\/dra-andrea-heisler\/\" \/>\n<meta property=\"og:site_name\" content=\"Dra. Andrea Heisler - Cirurgi\u00e3 Pl\u00e1stica Especialista em Porto Alegre\/RS\" \/>\n<meta property=\"article:publisher\" content=\"https:\/\/www.facebook.com\/Dra-Andrea-Heisler-1491054370999421\" \/>\n<meta property=\"article:modified_time\" content=\"2018-09-26T15:59:40+00:00\" \/>\n<meta property=\"og:image\" content=\"https:\/\/andreaheisler.com.br\/site\/wp-content\/uploads\/2016\/05\/Captura-de-Tela-2017-11-26-\u00e0s-23.42.53-300x274.png\" \/>\n<meta name=\"twitter:card\" content=\"summary\" \/>\n<script type=\"application\/ld+json\" class=\"yoast-schema-graph\">{\"@context\":\"https:\/\/schema.org\",\"@graph\":[{\"@type\":\"Organization\",\"@id\":\"https:\/\/andreaheisler.com.br\/site\/#organization\",\"name\":\"Andrea Heisler\",\"url\":\"https:\/\/andreaheisler.com.br\/site\/\",\"sameAs\":[\"https:\/\/www.facebook.com\/Dra-Andrea-Heisler-1491054370999421\",\"https:\/\/www.instagram.com\/andreaheisler\"],\"logo\":{\"@type\":\"ImageObject\",\"@id\":\"https:\/\/andreaheisler.com.br\/site\/#logo\",\"inLanguage\":\"pt-BR\",\"url\":\"https:\/\/andreaheisler.com.br\/site\/wp-content\/uploads\/2018\/06\/PRELOADER-.png\",\"width\":300,\"height\":162,\"caption\":\"Andrea Heisler\"},\"image\":{\"@id\":\"https:\/\/andreaheisler.com.br\/site\/#logo\"}},{\"@type\":\"WebSite\",\"@id\":\"https:\/\/andreaheisler.com.br\/site\/#website\",\"url\":\"https:\/\/andreaheisler.com.br\/site\/\",\"name\":\"Dra. Andrea Heisler - Cirurgi\\u00e3 Pl\\u00e1stica Especialista em Porto Alegre - RS\",\"description\":\"Site da Cirurgi\\u00e3 Pl\\u00e1stica Especialista, Dra. Andrea Heisler, Atuante em Porto Alegre\/RS\",\"publisher\":{\"@id\":\"https:\/\/andreaheisler.com.br\/site\/#organization\"},\"potentialAction\":[{\"@type\":\"SearchAction\",\"target\":\"https:\/\/andreaheisler.com.br\/site\/?s={search_term_string}\",\"query-input\":\"required name=search_term_string\"}],\"inLanguage\":\"pt-BR\"},{\"@type\":\"ImageObject\",\"@id\":\"https:\/\/andreaheisler.com.br\/site\/dra-andrea-heisler\/#primaryimage\",\"inLanguage\":\"pt-BR\",\"url\":\"https:\/\/andreaheisler.com.br\/site\/wp-content\/uploads\/2016\/05\/Captura-de-Tela-2017-11-26-\\u00e0s-23.42.53-300x274.png\"},{\"@type\":\"WebPage\",\"@id\":\"https:\/\/andreaheisler.com.br\/site\/dra-andrea-heisler\/#webpage\",\"url\":\"https:\/\/andreaheisler.com.br\/site\/dra-andrea-heisler\/\",\"name\":\"Dra. Andrea Heisler - Cirurgi\\u00e3 Pl\\u00e1stica Especialista em Porto Alegre\/RS\",\"isPartOf\":{\"@id\":\"https:\/\/andreaheisler.com.br\/site\/#website\"},\"primaryImageOfPage\":{\"@id\":\"https:\/\/andreaheisler.com.br\/site\/dra-andrea-heisler\/#primaryimage\"},\"datePublished\":\"2018-03-22T19:57:52+00:00\",\"dateModified\":\"2018-09-26T15:59:40+00:00\",\"description\":\"Formado em Medicina pela Universidade Federal de Alagoas. Membro da Sociedade Brasileira de Cirurgia Pl\\u00e1stica.\",\"inLanguage\":\"pt-BR\",\"potentialAction\":[{\"@type\":\"ReadAction\",\"target\":[\"https:\/\/andreaheisler.com.br\/site\/dra-andrea-heisler\/\"]}]}]}<\/script>\n<!-- \/ Yoast SEO plugin. -->","_links":{"self":[{"href":"https:\/\/andreaheisler.com.br\/site\/wp-json\/wp\/v2\/pages\/7317"}],"collection":[{"href":"https:\/\/andreaheisler.com.br\/site\/wp-json\/wp\/v2\/pages"}],"about":[{"href":"https:\/\/andreaheisler.com.br\/site\/wp-json\/wp\/v2\/types\/page"}],"author":[{"embeddable":true,"href":"https:\/\/andreaheisler.com.br\/site\/wp-json\/wp\/v2\/users\/4"}],"replies":[{"embeddable":true,"href":"https:\/\/andreaheisler.com.br\/site\/wp-json\/wp\/v2\/comments?post=7317"}],"version-history":[{"count":17,"href":"https:\/\/andreaheisler.com.br\/site\/wp-json\/wp\/v2\/pages\/7317\/revisions"}],"predecessor-version":[{"id":8578,"href":"https:\/\/andreaheisler.com.br\/site\/wp-json\/wp\/v2\/pages\/7317\/revisions\/8578"}],"wp:attachment":[{"href":"https:\/\/andreaheisler.com.br\/site\/wp-json\/wp\/v2\/media?parent=7317"}],"curies":[{"name":"wp","href":"https:\/\/api.w.org\/{rel}","templated":true}]}}