{"id":7955,"date":"2018-05-11T21:16:46","date_gmt":"2018-05-12T00:16:46","guid":{"rendered":"https:\/\/andreaheisler.com.br\/site\/?page_id=7955"},"modified":"2018-05-11T21:16:46","modified_gmt":"2018-05-12T00:16:46","slug":"rejuvenescimento-facial-ritidoplastia","status":"publish","type":"page","link":"https:\/\/andreaheisler.com.br\/site\/perguntas-e-respostas\/rejuvenescimento-facial-ritidoplastia\/","title":{"rendered":"Rejuvenescimento Facial (Ritidoplastia)"},"content":{"rendered":"","protected":false},"excerpt":{"rendered":"","protected":false},"author":4,"featured_media":0,"parent":6327,"menu_order":0,"comment_status":"closed","ping_status":"closed","template":"","meta":[],"yoast_head":"<!-- This site is optimized with the Yoast SEO plugin v14.6.1 - https:\/\/yoast.com\/wordpress\/plugins\/seo\/ -->\n<title>Perguntas e respostas: Rejuvenescimento Facial (Ritidoplastia)<\/title>\n<meta name=\"description\" content=\"Tire suas d\u00favidas sobre cirurgia pl\u00e1stica de Rejuvenescimento Facial (Ritidoplastia), com Dra. Andrea Heisler - Cirurgi\u00e3 Pl\u00e1stica Especialista em Porto Alegre\/RS\" \/>\n<meta name=\"robots\" content=\"index, follow\" \/>\n<meta name=\"googlebot\" content=\"index, follow, max-snippet:-1, max-image-preview:large, max-video-preview:-1\" \/>\n<meta name=\"bingbot\" content=\"index, follow, max-snippet:-1, max-image-preview:large, max-video-preview:-1\" \/>\n<link rel=\"canonical\" href=\"https:\/\/andreaheisler.com.br\/site\/perguntas-e-respostas\/rejuvenescimento-facial-ritidoplastia\/\" \/>\n<meta property=\"og:locale\" content=\"pt_BR\" \/>\n<meta property=\"og:type\" content=\"article\" \/>\n<meta property=\"og:title\" content=\"Perguntas e respostas: Rejuvenescimento Facial (Ritidoplastia)\" \/>\n<meta property=\"og:description\" content=\"Tire suas d\u00favidas sobre cirurgia pl\u00e1stica de Rejuvenescimento Facial (Ritidoplastia), com Dra. Andrea Heisler - Cirurgi\u00e3 Pl\u00e1stica Especialista em Porto Alegre\/RS\" \/>\n<meta property=\"og:url\" content=\"https:\/\/andreaheisler.com.br\/site\/perguntas-e-respostas\/rejuvenescimento-facial-ritidoplastia\/\" \/>\n<meta property=\"og:site_name\" content=\"Dra. Andrea Heisler - Cirurgi\u00e3 Pl\u00e1stica Especialista em Porto Alegre\/RS\" \/>\n<meta property=\"article:publisher\" content=\"https:\/\/www.facebook.com\/Dra-Andrea-Heisler-1491054370999421\" \/>\n<meta name=\"twitter:card\" content=\"summary\" \/>\n<script type=\"application\/ld+json\" class=\"yoast-schema-graph\">{\"@context\":\"https:\/\/schema.org\",\"@graph\":[{\"@type\":\"Organization\",\"@id\":\"https:\/\/andreaheisler.com.br\/site\/#organization\",\"name\":\"Andrea Heisler\",\"url\":\"https:\/\/andreaheisler.com.br\/site\/\",\"sameAs\":[\"https:\/\/www.facebook.com\/Dra-Andrea-Heisler-1491054370999421\",\"https:\/\/www.instagram.com\/andreaheisler\"],\"logo\":{\"@type\":\"ImageObject\",\"@id\":\"https:\/\/andreaheisler.com.br\/site\/#logo\",\"inLanguage\":\"pt-BR\",\"url\":\"https:\/\/andreaheisler.com.br\/site\/wp-content\/uploads\/2018\/06\/PRELOADER-.png\",\"width\":300,\"height\":162,\"caption\":\"Andrea Heisler\"},\"image\":{\"@id\":\"https:\/\/andreaheisler.com.br\/site\/#logo\"}},{\"@type\":\"WebSite\",\"@id\":\"https:\/\/andreaheisler.com.br\/site\/#website\",\"url\":\"https:\/\/andreaheisler.com.br\/site\/\",\"name\":\"Dra. Andrea Heisler - Cirurgi\\u00e3 Pl\\u00e1stica Especialista em Porto Alegre - RS\",\"description\":\"Site da Cirurgi\\u00e3 Pl\\u00e1stica Especialista, Dra. Andrea Heisler, Atuante em Porto Alegre\/RS\",\"publisher\":{\"@id\":\"https:\/\/andreaheisler.com.br\/site\/#organization\"},\"potentialAction\":[{\"@type\":\"SearchAction\",\"target\":\"https:\/\/andreaheisler.com.br\/site\/?s={search_term_string}\",\"query-input\":\"required name=search_term_string\"}],\"inLanguage\":\"pt-BR\"},{\"@type\":\"WebPage\",\"@id\":\"https:\/\/andreaheisler.com.br\/site\/perguntas-e-respostas\/rejuvenescimento-facial-ritidoplastia\/#webpage\",\"url\":\"https:\/\/andreaheisler.com.br\/site\/perguntas-e-respostas\/rejuvenescimento-facial-ritidoplastia\/\",\"name\":\"Perguntas e respostas: Rejuvenescimento Facial (Ritidoplastia)\",\"isPartOf\":{\"@id\":\"https:\/\/andreaheisler.com.br\/site\/#website\"},\"datePublished\":\"2018-05-12T00:16:46+00:00\",\"dateModified\":\"2018-05-12T00:16:46+00:00\",\"description\":\"Tire suas d\\u00favidas sobre cirurgia pl\\u00e1stica de Rejuvenescimento Facial (Ritidoplastia), com Dra. Andrea Heisler - Cirurgi\\u00e3 Pl\\u00e1stica Especialista em Porto Alegre\/RS\",\"inLanguage\":\"pt-BR\",\"potentialAction\":[{\"@type\":\"ReadAction\",\"target\":[\"https:\/\/andreaheisler.com.br\/site\/perguntas-e-respostas\/rejuvenescimento-facial-ritidoplastia\/\"]}]}]}<\/script>\n<!-- \/ Yoast SEO plugin. -->","_links":{"self":[{"href":"https:\/\/andreaheisler.com.br\/site\/wp-json\/wp\/v2\/pages\/7955"}],"collection":[{"href":"https:\/\/andreaheisler.com.br\/site\/wp-json\/wp\/v2\/pages"}],"about":[{"href":"https:\/\/andreaheisler.com.br\/site\/wp-json\/wp\/v2\/types\/page"}],"author":[{"embeddable":true,"href":"https:\/\/andreaheisler.com.br\/site\/wp-json\/wp\/v2\/users\/4"}],"replies":[{"embeddable":true,"href":"https:\/\/andreaheisler.com.br\/site\/wp-json\/wp\/v2\/comments?post=7955"}],"version-history":[{"count":1,"href":"https:\/\/andreaheisler.com.br\/site\/wp-json\/wp\/v2\/pages\/7955\/revisions"}],"predecessor-version":[{"id":7956,"href":"https:\/\/andreaheisler.com.br\/site\/wp-json\/wp\/v2\/pages\/7955\/revisions\/7956"}],"up":[{"embeddable":true,"href":"https:\/\/andreaheisler.com.br\/site\/wp-json\/wp\/v2\/pages\/6327"}],"wp:attachment":[{"href":"https:\/\/andreaheisler.com.br\/site\/wp-json\/wp\/v2\/media?parent=7955"}],"curies":[{"name":"wp","href":"https:\/\/api.w.org\/{rel}","templated":true}]}}